{"id":620,"date":"2018-02-19T11:08:17","date_gmt":"2018-02-19T10:08:17","guid":{"rendered":"http:\/\/antoinem.com\/www\/?page_id=620"},"modified":"2018-02-22T19:41:43","modified_gmt":"2018-02-22T18:41:43","slug":"parcours","status":"publish","type":"page","link":"https:\/\/antoinem.com\/www\/monde-aero\/parcours\/","title":{"rendered":"Parcours"},"content":{"rendered":"<p><code><div class=\"box info\"><div class=\"boxInside\"><i class=\"fa fa-info-circle boxIconStyle\"><\/i>Oui, oui, la page est toujours vierge, mais je pr\u00e9f\u00e8re l'expression trop utilis\u00e9e \"en construction\". En r\u00e9alit\u00e9 je ne construis pas grand chose, mais je cherche encore comment pr\u00e9senter mon parcours pour ne pas tomber dans les habituels tableaux de d\u00e9penses pour obtenir un PPL, ou la liste de tous les a\u00e9rodromes visit\u00e9s. A suivre ...<\/div><\/div><\/code><\/p>\n","protected":false},"excerpt":{"rendered":"","protected":false},"author":1,"featured_media":630,"parent":614,"menu_order":0,"comment_status":"closed","ping_status":"closed","template":"","meta":{"footnotes":""},"_links":{"self":[{"href":"https:\/\/antoinem.com\/www\/wp-json\/wp\/v2\/pages\/620"}],"collection":[{"href":"https:\/\/antoinem.com\/www\/wp-json\/wp\/v2\/pages"}],"about":[{"href":"https:\/\/antoinem.com\/www\/wp-json\/wp\/v2\/types\/page"}],"author":[{"embeddable":true,"href":"https:\/\/antoinem.com\/www\/wp-json\/wp\/v2\/users\/1"}],"replies":[{"embeddable":true,"href":"https:\/\/antoinem.com\/www\/wp-json\/wp\/v2\/comments?post=620"}],"version-history":[{"count":5,"href":"https:\/\/antoinem.com\/www\/wp-json\/wp\/v2\/pages\/620\/revisions"}],"predecessor-version":[{"id":634,"href":"https:\/\/antoinem.com\/www\/wp-json\/wp\/v2\/pages\/620\/revisions\/634"}],"up":[{"embeddable":true,"href":"https:\/\/antoinem.com\/www\/wp-json\/wp\/v2\/pages\/614"}],"wp:featuredmedia":[{"embeddable":true,"href":"https:\/\/antoinem.com\/www\/wp-json\/wp\/v2\/media\/630"}],"wp:attachment":[{"href":"https:\/\/antoinem.com\/www\/wp-json\/wp\/v2\/media?parent=620"}],"curies":[{"name":"wp","href":"https:\/\/api.w.org\/{rel}","templated":true}]}}