{"id":606,"date":"2018-02-19T10:28:07","date_gmt":"2018-02-19T09:28:07","guid":{"rendered":"http:\/\/antoinem.com\/www\/?page_id=606"},"modified":"2021-12-19T13:25:37","modified_gmt":"2021-12-19T12:25:37","slug":"accueil","status":"publish","type":"page","link":"https:\/\/antoinem.com\/www\/","title":{"rendered":"Bienvenue"},"content":{"rendered":"<p>Bonjour, moi c&rsquo;est Antoine,\u00a0je suis tr\u00e8s heureux de vous accueillir dans ses quelques pages que repr\u00e9sentent mon site (que j&rsquo;ai modestement appel\u00e9 selon mon pr\u00e9nom).\u00a0Vous n&rsquo;\u00eates en moyenne qu&rsquo;une centaine de visiteurs par mois, alors\u00a0c&rsquo;est un plaisir de vous y compter. J&rsquo;esp\u00e8re que vous trouverez ici ce que vous \u00eates venu chercher ; et que ce soit le cas o\u00f9 non, n&rsquo;h\u00e9sitez pas \u00e0 m&rsquo;envoyer un message, j&rsquo;y r\u00e9pondrai d\u00e8s que je peux.<\/p>\n<p><em>Fut un temps o\u00f9 cette page d&rsquo;accueil comportait mon Curriculum Vit\u00e6. \u00c9tant donn\u00e9 la difficult\u00e9 de maintenir une coh\u00e9rence entre\u00a0ce site et les r\u00e9seaux sociaux professionnels, j&rsquo;ai pr\u00e9f\u00e9r\u00e9 le retirer et je vous invite \u00e0 pr\u00e9sent\u00a0\u00e0 utiliser l&rsquo;ic\u00f4ne ci-dessus vers LinkedIn.<\/em><\/p>\n<p>Antoine,<\/p>\n","protected":false},"excerpt":{"rendered":"<p>Bonjour, moi c&rsquo;est Antoine,\u00a0je suis tr\u00e8s heureux de vous accueillir dans ses quelques pages que repr\u00e9sentent mon site (que j&rsquo;ai modestement appel\u00e9 selon mon pr\u00e9nom).\u00a0Vous n&rsquo;\u00eates en moyenne qu&rsquo;une centaine de visiteurs par mois, alors\u00a0c&rsquo;est un plaisir de vous y compter. J&rsquo;esp\u00e8re que vous trouverez ici ce que vous \u00eates venu chercher ; et que&hellip;<\/p>\n","protected":false},"author":1,"featured_media":6,"parent":68,"menu_order":0,"comment_status":"closed","ping_status":"closed","template":"","meta":{"footnotes":""},"_links":{"self":[{"href":"https:\/\/antoinem.com\/www\/wp-json\/wp\/v2\/pages\/606"}],"collection":[{"href":"https:\/\/antoinem.com\/www\/wp-json\/wp\/v2\/pages"}],"about":[{"href":"https:\/\/antoinem.com\/www\/wp-json\/wp\/v2\/types\/page"}],"author":[{"embeddable":true,"href":"https:\/\/antoinem.com\/www\/wp-json\/wp\/v2\/users\/1"}],"replies":[{"embeddable":true,"href":"https:\/\/antoinem.com\/www\/wp-json\/wp\/v2\/comments?post=606"}],"version-history":[{"count":7,"href":"https:\/\/antoinem.com\/www\/wp-json\/wp\/v2\/pages\/606\/revisions"}],"predecessor-version":[{"id":742,"href":"https:\/\/antoinem.com\/www\/wp-json\/wp\/v2\/pages\/606\/revisions\/742"}],"up":[{"embeddable":true,"href":"https:\/\/antoinem.com\/www\/wp-json\/wp\/v2\/pages\/68"}],"wp:featuredmedia":[{"embeddable":true,"href":"https:\/\/antoinem.com\/www\/wp-json\/wp\/v2\/media\/6"}],"wp:attachment":[{"href":"https:\/\/antoinem.com\/www\/wp-json\/wp\/v2\/media?parent=606"}],"curies":[{"name":"wp","href":"https:\/\/api.w.org\/{rel}","templated":true}]}}