{"id":400,"date":"2015-10-07T21:36:41","date_gmt":"2015-10-07T20:36:41","guid":{"rendered":"http:\/\/antoinem.com\/wordpress\/?page_id=400"},"modified":"2015-10-13T20:37:24","modified_gmt":"2015-10-13T19:37:24","slug":"minecraft-world","status":"publish","type":"page","link":"https:\/\/antoinem.com\/www\/autres-mondes\/minecraft-world\/","title":{"rendered":"Minecraft world"},"content":{"rendered":"<p>Si vous ne connaissez pas le jeu Minecraft, l\u2019int\u00e9r\u00eat de cette page va peut-\u00eatre vous sembler tr\u00e8s limit\u00e9. En revanche, si comme moi, vous avez \u00e9t\u00e9 (ou \u00eates encore) un grand b\u00e2tisseur du petit bloc, j\u2019esp\u00e8re que ces quelques photos et vid\u00e9os vont vous faire r\u00eaver le temps de leur visionnage. Et si, curieux d\u2019en voir encore plus, vous vouliez t\u00e9l\u00e9charger le monde au complet, c\u2019est possible, sur <a title=\"http:\/\/antoinem.com\/Minecraft\/World3.zip\" href=\"http:\/\/antoinem.com\/Minecraft\/World3.zip\">CE LIEN<\/a>.<\/p>\n<p><code><div class=\"oneThird\"><\/code>Vid\u00e9o 1 :<br \/>\n<a title=\"http:\/\/antoinem.com\/Minecraft\/Run away.mov\" href=\"http:\/\/antoinem.com\/Minecraft\/Run%20away.mov\">.mov (SD)<\/a><br \/>\n<a title=\"http:\/\/antoinem.com\/Minecraft\/Run away.mkv.zip\" href=\"http:\/\/antoinem.com\/Minecraft\/Run%20away.mkv.zip\">.mkv.zip (HD)<\/a><br \/>\n<code><\/div><\/code><\/p>\n<p><code><div class=\"oneThird\"><\/code>Vid\u00e9o 2 :<br \/>\n<a title=\"http:\/\/antoinem.com\/Minecraft\/Mine-A\u00e9roport.mov\" href=\"http:\/\/antoinem.com\/Minecraft\/Mine-A%C3%A9roport.mov\">.mov (SD)<\/a><br \/>\n<a title=\"http:\/\/antoinem.com\/Minecraft\/Mine-A\u00e9roport.mkv.zip\" href=\"http:\/\/antoinem.com\/Minecraft\/Mine-A%C3%A9roport.mkv.zip\">.mkv.zip (HD)<\/a><code><\/div><\/code><\/p>\n<p><code><div class=\"oneThird last\"><\/code>Vid\u00e9o 3 :<br \/>\n<a title=\"http:\/\/antoinem.com\/Minecraft\/The bank.mov\" href=\"http:\/\/antoinem.com\/Minecraft\/The%20bank.mov\">.mov (SD)<\/a><br \/>\n<a title=\"http:\/\/antoinem.com\/Minecraft\/The bank.mkv.zip\" href=\"http:\/\/antoinem.com\/Minecraft\/The%20bank.mkv.zip\">.mkv.zip (HD)<\/a><code><\/div><div class=\"clear\"><\/div><\/code><\/p>\n<p>&nbsp;<\/p>\n<div class=\"galleryEmbed\"><div class=\"singleGalleryEmbed\"><a target=\"_self\" href=\"https:\/\/antoinem.com\/www\/wp-content\/uploads\/2015\/10\/Cap1.jpg\" title=\"Dreaming Minecraft World 1\"><img decoding=\"async\" alt=\"Dreaming Minecraft World 1\" src=\"https:\/\/antoinem.com\/www\/wp-content\/uploads\/2015\/10\/Cap1_small.jpg\" \/><\/a><div class=\"embedGalleryCaption\"><h2>Dreaming Minecraft World 1<\/h2><\/div><\/div><div class=\"singleGalleryEmbed\"><a target=\"_self\" href=\"https:\/\/antoinem.com\/www\/wp-content\/uploads\/2015\/10\/Cap2.jpg\" title=\"Dreaming Minecraft World 2\"><img decoding=\"async\" alt=\"Dreaming Minecraft World 2\" src=\"https:\/\/antoinem.com\/www\/wp-content\/uploads\/2015\/10\/Cap2_small.jpg\" \/><\/a><div class=\"embedGalleryCaption\"><h2>Dreaming Minecraft World 2<\/h2><\/div><\/div><div class=\"singleGalleryEmbed\"><a target=\"_self\" href=\"https:\/\/antoinem.com\/www\/wp-content\/uploads\/2015\/10\/Cap3.jpg\" title=\"Dreaming Minecraft World 3\"><img decoding=\"async\" alt=\"Dreaming Minecraft World 3\" src=\"https:\/\/antoinem.com\/www\/wp-content\/uploads\/2015\/10\/Cap3_small.jpg\" \/><\/a><div class=\"embedGalleryCaption\"><h2>Dreaming Minecraft World 3<\/h2><\/div><\/div><div class=\"singleGalleryEmbed\"><a target=\"_self\" href=\"https:\/\/antoinem.com\/www\/wp-content\/uploads\/2015\/10\/Cap4.jpg\" title=\"Dreaming Minecraft World 4\"><img decoding=\"async\" alt=\"Dreaming Minecraft World 4\" src=\"https:\/\/antoinem.com\/www\/wp-content\/uploads\/2015\/10\/Cap4_small.jpg\" \/><\/a><div class=\"embedGalleryCaption\"><h2>Dreaming Minecraft World 4<\/h2><\/div><\/div><div class=\"singleGalleryEmbed\"><a target=\"_self\" href=\"https:\/\/antoinem.com\/www\/wp-content\/uploads\/2015\/10\/Cap5.jpg\" title=\"Dreaming Minecraft World 5\"><img decoding=\"async\" alt=\"Dreaming Minecraft World 5\" src=\"https:\/\/antoinem.com\/www\/wp-content\/uploads\/2015\/10\/Cap5_small.jpg\" \/><\/a><div class=\"embedGalleryCaption\"><h2>Dreaming Minecraft World 5<\/h2><\/div><\/div><div class=\"singleGalleryEmbed\"><a target=\"_self\" href=\"https:\/\/antoinem.com\/www\/wp-content\/uploads\/2015\/10\/Cap6.jpg\" title=\"Dreaming Minecraft World 6\"><img decoding=\"async\" alt=\"Dreaming Minecraft World 6\" src=\"https:\/\/antoinem.com\/www\/wp-content\/uploads\/2015\/10\/Cap6_small.jpg\" \/><\/a><div class=\"embedGalleryCaption\"><h2>Dreaming Minecraft World 6<\/h2><\/div><\/div><div class=\"singleGalleryEmbed\"><a target=\"_self\" href=\"https:\/\/antoinem.com\/www\/wp-content\/uploads\/2015\/10\/Cap7.jpg\" title=\"Dreaming Minecraft World 7\"><img decoding=\"async\" alt=\"Dreaming Minecraft World 7\" src=\"https:\/\/antoinem.com\/www\/wp-content\/uploads\/2015\/10\/Cap7_small.jpg\" \/><\/a><div class=\"embedGalleryCaption\"><h2>Dreaming Minecraft World 7<\/h2><\/div><\/div><div class=\"singleGalleryEmbed\"><a target=\"_self\" href=\"https:\/\/antoinem.com\/www\/wp-content\/uploads\/2015\/10\/Cap8.jpg\" title=\"Dreaming Minecraft World 8\"><img decoding=\"async\" alt=\"Dreaming Minecraft World 8\" src=\"https:\/\/antoinem.com\/www\/wp-content\/uploads\/2015\/10\/Cap8_small.jpg\" \/><\/a><div class=\"embedGalleryCaption\"><h2>Dreaming Minecraft World 8<\/h2><\/div><\/div><div class=\"singleGalleryEmbed\"><a target=\"_self\" href=\"https:\/\/antoinem.com\/www\/wp-content\/uploads\/2015\/10\/Cap9.jpg\" title=\"Dreaming Minecraft World 9\"><img decoding=\"async\" alt=\"Dreaming Minecraft World 9\" src=\"https:\/\/antoinem.com\/www\/wp-content\/uploads\/2015\/10\/Cap9_small.jpg\" \/><\/a><div class=\"embedGalleryCaption\"><h2>Dreaming Minecraft World 9<\/h2><\/div><\/div><div class=\"singleGalleryEmbed\"><a target=\"_self\" href=\"https:\/\/antoinem.com\/www\/wp-content\/uploads\/2015\/10\/Cap10.jpg\" title=\"Dreaming Minecraft World 10\"><img decoding=\"async\" alt=\"Dreaming Minecraft World 10\" src=\"https:\/\/antoinem.com\/www\/wp-content\/uploads\/2015\/10\/Cap10_small.jpg\" \/><\/a><div class=\"embedGalleryCaption\"><h2>Dreaming Minecraft World 10<\/h2><\/div><\/div><div class=\"singleGalleryEmbed\"><a target=\"_self\" href=\"https:\/\/antoinem.com\/www\/wp-content\/uploads\/2015\/10\/Cap11.jpg\" title=\"Dreaming Minecraft World 11\"><img decoding=\"async\" alt=\"Dreaming Minecraft World 11\" src=\"https:\/\/antoinem.com\/www\/wp-content\/uploads\/2015\/10\/Cap11_small.jpg\" \/><\/a><div class=\"embedGalleryCaption\"><h2>Dreaming Minecraft World 11<\/h2><\/div><\/div><div class=\"singleGalleryEmbed\"><a target=\"_self\" href=\"https:\/\/antoinem.com\/www\/wp-content\/uploads\/2015\/10\/Cap12.jpg\" title=\"Dreaming Minecraft World 12\"><img decoding=\"async\" alt=\"Dreaming Minecraft World 12\" src=\"https:\/\/antoinem.com\/www\/wp-content\/uploads\/2015\/10\/Cap12_small.jpg\" \/><\/a><div class=\"embedGalleryCaption\"><h2>Dreaming Minecraft World 12<\/h2><\/div><\/div><div class=\"singleGalleryEmbed\"><a target=\"_self\" href=\"https:\/\/antoinem.com\/www\/wp-content\/uploads\/2015\/10\/Cap13.jpg\" title=\"Dreaming Minecraft World 13\"><img decoding=\"async\" alt=\"Dreaming Minecraft World 13\" src=\"https:\/\/antoinem.com\/www\/wp-content\/uploads\/2015\/10\/Cap13_small.jpg\" \/><\/a><div class=\"embedGalleryCaption\"><h2>Dreaming Minecraft World 13<\/h2><\/div><\/div><div class=\"singleGalleryEmbed\"><a target=\"_self\" href=\"https:\/\/antoinem.com\/www\/wp-content\/uploads\/2015\/10\/Cap14.jpg\" title=\"Dreaming Minecraft World 14\"><img decoding=\"async\" alt=\"Dreaming Minecraft World 14\" src=\"https:\/\/antoinem.com\/www\/wp-content\/uploads\/2015\/10\/Cap14_small.jpg\" \/><\/a><div class=\"embedGalleryCaption\"><h2>Dreaming Minecraft World 14<\/h2><\/div><\/div><div class=\"singleGalleryEmbed\"><a target=\"_self\" href=\"https:\/\/antoinem.com\/www\/wp-content\/uploads\/2015\/10\/Cap15.jpg\" title=\"Dreaming Minecraft World 15\"><img decoding=\"async\" alt=\"Dreaming Minecraft World 15\" src=\"https:\/\/antoinem.com\/www\/wp-content\/uploads\/2015\/10\/Cap15_small.jpg\" \/><\/a><div class=\"embedGalleryCaption\"><h2>Dreaming Minecraft World 15<\/h2><\/div><\/div><div class=\"singleGalleryEmbed\"><a target=\"_self\" href=\"https:\/\/antoinem.com\/www\/wp-content\/uploads\/2015\/10\/Cap16.jpg\" title=\"Dreaming Minecraft World 16\"><img decoding=\"async\" alt=\"Dreaming Minecraft World 16\" src=\"https:\/\/antoinem.com\/www\/wp-content\/uploads\/2015\/10\/Cap16_small.jpg\" \/><\/a><div class=\"embedGalleryCaption\"><h2>Dreaming Minecraft World 16<\/h2><\/div><\/div><div class=\"singleGalleryEmbed\"><a target=\"_self\" href=\"https:\/\/antoinem.com\/www\/wp-content\/uploads\/2015\/10\/Cap17.jpg\" title=\"Dreaming Minecraft World 17\"><img decoding=\"async\" alt=\"Dreaming Minecraft World 17\" src=\"https:\/\/antoinem.com\/www\/wp-content\/uploads\/2015\/10\/Cap17_small.jpg\" \/><\/a><div class=\"embedGalleryCaption\"><h2>Dreaming Minecraft World 17<\/h2><\/div><\/div><div class=\"singleGalleryEmbed\"><a target=\"_self\" href=\"https:\/\/antoinem.com\/www\/wp-content\/uploads\/2015\/10\/Cap18.jpg\" title=\"Dreaming Minecraft World 18\"><img decoding=\"async\" alt=\"Dreaming Minecraft World 18\" src=\"https:\/\/antoinem.com\/www\/wp-content\/uploads\/2015\/10\/Cap18_small.jpg\" \/><\/a><div class=\"embedGalleryCaption\"><h2>Dreaming Minecraft World 18<\/h2><\/div><\/div><div class=\"singleGalleryEmbed\"><a target=\"_self\" href=\"https:\/\/antoinem.com\/www\/wp-content\/uploads\/2015\/10\/Cap19.jpg\" title=\"Dreaming Minecraft World 19\"><img decoding=\"async\" alt=\"Dreaming Minecraft World 19\" src=\"https:\/\/antoinem.com\/www\/wp-content\/uploads\/2015\/10\/Cap19_small.jpg\" \/><\/a><div class=\"embedGalleryCaption\"><h2>Dreaming Minecraft World 19<\/h2><\/div><\/div><div class=\"singleGalleryEmbed\"><a target=\"_self\" href=\"https:\/\/antoinem.com\/www\/wp-content\/uploads\/2015\/10\/Cap20.jpg\" title=\"Dreaming Minecraft World 20\"><img decoding=\"async\" alt=\"Dreaming Minecraft World 20\" src=\"https:\/\/antoinem.com\/www\/wp-content\/uploads\/2015\/10\/Cap20_small.jpg\" \/><\/a><div class=\"embedGalleryCaption\"><h2>Dreaming Minecraft World 20<\/h2><\/div><\/div><\/div>\n<p>&nbsp;<\/p>\n","protected":false},"excerpt":{"rendered":"<p>Si vous ne connaissez pas le jeu Minecraft, l\u2019int\u00e9r\u00eat de cette page va peut-\u00eatre vous sembler tr\u00e8s limit\u00e9. En revanche, si comme moi, vous avez \u00e9t\u00e9 (ou \u00eates encore) un grand b\u00e2tisseur du petit bloc, j\u2019esp\u00e8re que ces quelques photos et vid\u00e9os vont vous faire r\u00eaver le temps de leur visionnage. Et si, curieux d\u2019en&hellip;<\/p>\n","protected":false},"author":1,"featured_media":398,"parent":396,"menu_order":0,"comment_status":"closed","ping_status":"closed","template":"","meta":{"footnotes":""},"_links":{"self":[{"href":"https:\/\/antoinem.com\/www\/wp-json\/wp\/v2\/pages\/400"}],"collection":[{"href":"https:\/\/antoinem.com\/www\/wp-json\/wp\/v2\/pages"}],"about":[{"href":"https:\/\/antoinem.com\/www\/wp-json\/wp\/v2\/types\/page"}],"author":[{"embeddable":true,"href":"https:\/\/antoinem.com\/www\/wp-json\/wp\/v2\/users\/1"}],"replies":[{"embeddable":true,"href":"https:\/\/antoinem.com\/www\/wp-json\/wp\/v2\/comments?post=400"}],"version-history":[{"count":10,"href":"https:\/\/antoinem.com\/www\/wp-json\/wp\/v2\/pages\/400\/revisions"}],"predecessor-version":[{"id":582,"href":"https:\/\/antoinem.com\/www\/wp-json\/wp\/v2\/pages\/400\/revisions\/582"}],"up":[{"embeddable":true,"href":"https:\/\/antoinem.com\/www\/wp-json\/wp\/v2\/pages\/396"}],"wp:featuredmedia":[{"embeddable":true,"href":"https:\/\/antoinem.com\/www\/wp-json\/wp\/v2\/media\/398"}],"wp:attachment":[{"href":"https:\/\/antoinem.com\/www\/wp-json\/wp\/v2\/media?parent=400"}],"curies":[{"name":"wp","href":"https:\/\/api.w.org\/{rel}","templated":true}]}}