{"id":29,"date":"2015-10-02T10:28:26","date_gmt":"2015-10-02T09:28:26","guid":{"rendered":"http:\/\/antoinem.com\/wordpress\/?page_id=29"},"modified":"2022-01-12T22:52:21","modified_gmt":"2022-01-12T21:52:21","slug":"hidden-files-osx","status":"publish","type":"page","link":"https:\/\/antoinem.com\/www\/monde-apple\/hidden-files-osx\/","title":{"rendered":"Hidden Files for OS X"},"content":{"rendered":"\n<p>Hidden Files for OS X est une application toute simple qui permet d\u2019afficher ou de masquer les fichiers cach\u00e9s sous Mac OS X. Plac\u00e9 dans le dock, un seul clic suffit pour activer\/d\u00e9sactiver l&rsquo;affichage de fichiers cach\u00e9s.<\/p>\n<br>\n<h2><span style=\"color: #000000;\"><u><strong>T\u00e9l\u00e9charger :<\/strong><\/u><\/span><\/h2>\n\n<div class=\"tab-fortunatopro-wrapper\"><ul class=\"tab-fortunatopro-tabs\"><li class=\"active\"><a href=\"javascript:void(0)\" rel=\"tab30\"><h5>Application macOS<\/h5><\/a><\/li><li><a href=\"javascript:void(0)\" rel=\"tab62\"><h5>Script shell<\/h5><\/a><\/li><\/ul><div class=\"tab-fortunatopro-content-wrapper\"><div class=\"tab-fortunatopro-tab-content\" id=\"tab30\" ><a href=\"https:\/\/antoinem.com\/www\/wp-content\/uploads\/2022\/01\/HiddenFiles.zip\"><img loading=\"lazy\" decoding=\"async\" src=\"https:\/\/antoinem.com\/www\/wp-content\/uploads\/2022\/01\/HiddenFiles_Icon.png\" alt=\"Icon macOS App\" width=\"100\" height=\"100\" \/> <\/a><span style=\"color: #000000;\"><strong><a href=\"https:\/\/antoinem.com\/www\/wp-content\/uploads\/2022\/01\/HiddenFiles.zip\">T\u00e9l\u00e9charger l&rsquo;application pour Mac OS X \/ macOS<\/a><\/strong><\/span><\/div><div class=\"tab-fortunatopro-tab-content\" id=\"tab62\" style=\"display:none\"><a href=\"https:\/\/antoinem.com\/www\/wp-content\/uploads\/2022\/01\/HiddenFilesScript.zip\"><img loading=\"lazy\" decoding=\"async\" src=\"https:\/\/antoinem.com\/www\/wp-content\/uploads\/2022\/01\/HiddenFiles_Script_Icon.png\" alt=\"Icon macOS App\" width=\"100\" height=\"88\" \/><\/a> <span style=\"color: #000000;\"><strong><a href=\"https:\/\/antoinem.com\/www\/wp-content\/uploads\/2022\/01\/HiddenFilesScript.zip\">T\u00e9l\u00e9charger uniquement le script shell<\/a><\/strong><\/span><\/div><\/div><\/div>\n\n\n\n<figure class=\"wp-block-image size-full\"><a href=\"https:\/\/antoinem.com\/www\/wp-content\/uploads\/2022\/01\/HiddenFiles_Image1.jpg\"><img loading=\"lazy\" decoding=\"async\" width=\"886\" height=\"537\" src=\"https:\/\/antoinem.com\/www\/wp-content\/uploads\/2022\/01\/HiddenFiles_Image1.jpg\" alt=\"\" class=\"wp-image-774\" srcset=\"https:\/\/antoinem.com\/www\/wp-content\/uploads\/2022\/01\/HiddenFiles_Image1.jpg 886w, https:\/\/antoinem.com\/www\/wp-content\/uploads\/2022\/01\/HiddenFiles_Image1-300x182.jpg 300w, https:\/\/antoinem.com\/www\/wp-content\/uploads\/2022\/01\/HiddenFiles_Image1-768x465.jpg 768w, https:\/\/antoinem.com\/www\/wp-content\/uploads\/2022\/01\/HiddenFiles_Image1-800x485.jpg 800w\" sizes=\"(max-width: 886px) 100vw, 886px\" \/><\/a><\/figure>\n\n\n\n<figure class=\"wp-block-image size-full\"><a href=\"https:\/\/antoinem.com\/www\/wp-content\/uploads\/2022\/01\/HiddenFiles_Image2.jpg\"><img decoding=\"async\" src=\"https:\/\/antoinem.com\/www\/wp-content\/uploads\/2022\/01\/HiddenFiles_Image2.jpg\" alt=\"\" class=\"wp-image-773\"\/><\/a><\/figure>\n","protected":false},"excerpt":{"rendered":"<p>Hidden Files for OS X est une application toute simple qui permet d\u2019afficher ou de masquer les fichiers cach\u00e9s sous Mac OS X. Plac\u00e9 dans le dock, un seul clic suffit pour activer\/d\u00e9sactiver l&rsquo;affichage de fichiers cach\u00e9s. T\u00e9l\u00e9charger :<\/p>\n","protected":false},"author":1,"featured_media":81,"parent":55,"menu_order":0,"comment_status":"closed","ping_status":"closed","template":"","meta":{"footnotes":""},"_links":{"self":[{"href":"https:\/\/antoinem.com\/www\/wp-json\/wp\/v2\/pages\/29"}],"collection":[{"href":"https:\/\/antoinem.com\/www\/wp-json\/wp\/v2\/pages"}],"about":[{"href":"https:\/\/antoinem.com\/www\/wp-json\/wp\/v2\/types\/page"}],"author":[{"embeddable":true,"href":"https:\/\/antoinem.com\/www\/wp-json\/wp\/v2\/users\/1"}],"replies":[{"embeddable":true,"href":"https:\/\/antoinem.com\/www\/wp-json\/wp\/v2\/comments?post=29"}],"version-history":[{"count":19,"href":"https:\/\/antoinem.com\/www\/wp-json\/wp\/v2\/pages\/29\/revisions"}],"predecessor-version":[{"id":784,"href":"https:\/\/antoinem.com\/www\/wp-json\/wp\/v2\/pages\/29\/revisions\/784"}],"up":[{"embeddable":true,"href":"https:\/\/antoinem.com\/www\/wp-json\/wp\/v2\/pages\/55"}],"wp:featuredmedia":[{"embeddable":true,"href":"https:\/\/antoinem.com\/www\/wp-json\/wp\/v2\/media\/81"}],"wp:attachment":[{"href":"https:\/\/antoinem.com\/www\/wp-json\/wp\/v2\/media?parent=29"}],"curies":[{"name":"wp","href":"https:\/\/api.w.org\/{rel}","templated":true}]}}