{"id":251,"date":"2015-10-07T11:55:53","date_gmt":"2015-10-07T10:55:53","guid":{"rendered":"http:\/\/antoinem.com\/wordpress\/?page_id=251"},"modified":"2022-04-24T15:13:21","modified_gmt":"2022-04-24T14:13:21","slug":"don-de-materiel","status":"publish","type":"page","link":"https:\/\/antoinem.com\/www\/monde-apple\/don-de-materiel\/","title":{"rendered":"Don de mat\u00e9riel"},"content":{"rendered":"<div id=\"id2\" class=\"style_SkipStroke_2 shape-with-text\">\n<div class=\"text-content graphic_textbox_layout_style_default_External_629_392\">\n<div class=\"graphic_textbox_layout_style_default\">\n<p class=\"paragraph_style\"><span style=\"text-decoration: underline;\">Gratuit ?<\/span><\/p>\n<p class=\"paragraph_style_1\">\u00a0\u00a0\u00a0 En faisant un peu de m\u00e9nage au fond de la cave, j\u2019y ai trouv\u00e9 quelques merveilles qui fonctionnent toujours (j\u2019ai test\u00e9 la majeure partie mais pas l\u2019ensemble).<\/p>\n<p class=\"paragraph_style_1\">\u00a0\u00a0\u00a0 Si vous esp\u00e9rez jouer au dernier jeu vid\u00e9o en date, passez votre chemin, ces merveilles sont destin\u00e9es aux petits collectionneurs ou aux grands nostalgiques.<\/p>\n<p class=\"paragraph_style\"><span style=\"text-decoration: underline;\">R\u00e8gles du jeu<\/span><\/p>\n<p class=\"paragraph_style_1\">\u00a0\u00a0 Merci de v\u00e9rifier que le mat\u00e9riel qui vous int\u00e9resse est toujours marqu\u00e9 comme disponible <span class=\"btnColor smallPart\" style=\"background-color:green\"><a target=\"_blank\" rel=\"nofollow\" href=\"https:\/\/antoinem.com\/www\/category\/don-materiel-dispo\/\">Dispo<i class=\"fa fa-angle-double-right spaceLeft\"><\/i><\/a><\/span>\u00a0avant de m\u2019\u00e9crire. Dans le cas contraire, <span class=\"btnColor smallPart\" style=\"background-color:red\"><a target=\"_blank\" rel=\"nofollow\" href=\"https:\/\/antoinem.com\/www\/category\/don-materiel-non-dispo\/\">Donn\u00e9<i class=\"fa fa-angle-double-right spaceLeft\"><\/i><\/a><\/span>\u00a0je ne r\u00e9pondrai pas.<\/p>\n<p class=\"paragraph_style_1\">\u00a0\u00a0\u00a0 Pour les d\u00e9tails, contactez-moi par mail en utilisant l\u2019ic\u00f4ne \u00ab\u00a0Mail\u00a0\u00bb\u00a0situ\u00e9e dans le bandeau ci-dessus. <em>Pensez \u00e0 remplacer [a.t] et [d.o.t] dans mon adresse.<\/em><\/p>\n<\/div>\n<\/div>\n<\/div>\n<div id=\"id3\" class=\"style_SkipStroke_2 shape-with-text\">\n<div class=\"text-content graphic_textbox_layout_style_default_External_629_1112\">\n<div class=\"graphic_textbox_layout_style_default\">\n<p class=\"paragraph_style\"><span style=\"text-decoration: underline;\">Les merveilles<\/span><\/p>\n<p class=\"paragraph_style\" style=\"padding-left: 30px; color: #0000cd;\"><strong>P\u00e9riph\u00e9riques externes<\/strong><\/p>\n<p class=\"paragraph_style\" style=\"padding-left: 30px;\"><span class=\"btnColor smallPart\" style=\"background-color:red\"><a target=\"_blank\" rel=\"nofollow\" href=\"https:\/\/antoinem.com\/www\/category\/don-materiel-non-dispo\/\">Donn\u00e9<i class=\"fa fa-angle-double-right spaceLeft\"><\/i><\/a><\/span>\u00a0<a href=\"https:\/\/antoinem.com\/www\/2015\/10\/07\/don-lacie-4go\/\">Disque dur SCSI Lacie 4Go<\/a><\/p>\n<p class=\"paragraph_style\" style=\"padding-left: 30px;\"><span class=\"btnColor smallPart\" style=\"background-color:red\"><a target=\"_blank\" rel=\"nofollow\" href=\"https:\/\/antoinem.com\/www\/category\/don-materiel-dispo\/\">Donn\u00e9<i class=\"fa fa-angle-double-right spaceLeft\"><\/i><\/a><\/span> \u00a0<a href=\"https:\/\/antoinem.com\/www\/2015\/10\/07\/lecteur-cd-scsi\/\">Lecteur CD SCSI<\/a><\/p>\n<p class=\"paragraph_style\" style=\"padding-left: 30px;\"><span class=\"btnColor smallPart\" style=\"background-color:red\"><a target=\"_blank\" rel=\"nofollow\" href=\"https:\/\/antoinem.com\/www\/category\/don-materiel-non-dispo\/\">Donn\u00e9<i class=\"fa fa-angle-double-right spaceLeft\"><\/i><\/a><\/span>\u00a0<a href=\"https:\/\/antoinem.com\/www\/2015\/10\/07\/lecteur-graveur-cd-scsi\/\">Lecteur \/ Graveur CD SCSI<\/a><\/p>\n<p class=\"paragraph_style\" style=\"padding-left: 30px;\"><span class=\"btnColor smallPart\" style=\"background-color:green\"><a target=\"_blank\" rel=\"nofollow\" href=\"https:\/\/antoinem.com\/www\/category\/don-materiel-dispo\/\">Dispo<i class=\"fa fa-angle-double-right spaceLeft\"><\/i><\/a><\/span> \u00a0<a href=\"https:\/\/antoinem.com\/www\/2015\/10\/07\/souris-apple-adb\/\">Souris Apple ADB<\/a><\/p>\n<p class=\"paragraph_style\" style=\"padding-left: 30px;\"><span class=\"btnColor smallPart\" style=\"background-color:red\"><a target=\"_blank\" rel=\"nofollow\" href=\"https:\/\/antoinem.com\/www\/category\/don-materiel-dispo\/\">Donn\u00e9<i class=\"fa fa-angle-double-right spaceLeft\"><\/i><\/a><\/span> \u00a0<a href=\"https:\/\/antoinem.com\/www\/2015\/10\/07\/clavier-apple-adb\/\">Clavier Apple ADB<\/a><\/p>\n<p class=\"paragraph_style\" style=\"padding-left: 30px;\"><span class=\"btnColor smallPart\" style=\"background-color:green\"><a target=\"_blank\" rel=\"nofollow\" href=\"https:\/\/antoinem.com\/www\/category\/don-materiel-dispo\/\">Dispo<i class=\"fa fa-angle-double-right spaceLeft\"><\/i><\/a><\/span> \u00a0<a href=\"https:\/\/antoinem.com\/www\/2015\/10\/07\/webcam-adb\/\">Webcam ADB<\/a><\/p>\n<p class=\"paragraph_style\" style=\"padding-left: 30px; color: #0000cd;\"><strong>P\u00e9riph\u00e9riques internes<\/strong><\/p>\n<p class=\"paragraph_style_1\" style=\"padding-left: 30px;\"><span class=\"btnColor smallPart\" style=\"background-color:green\"><a target=\"_blank\" rel=\"nofollow\" href=\"https:\/\/antoinem.com\/www\/category\/don-materiel-dispo\/\">Dispo<i class=\"fa fa-angle-double-right spaceLeft\"><\/i><\/a><\/span> \u00a0<a href=\"https:\/\/antoinem.com\/www\/2015\/10\/07\/disque-dur-ide-3go\/\">Disque dur IDE 3&Prime;5 3 Go<\/a><\/p>\n<p class=\"paragraph_style_1\" style=\"padding-left: 30px;\"><span class=\"btnColor smallPart\" style=\"background-color:green\"><a target=\"_blank\" rel=\"nofollow\" href=\"https:\/\/antoinem.com\/www\/category\/don-materiel-dispo\/\">Dispo<i class=\"fa fa-angle-double-right spaceLeft\"><\/i><\/a><\/span> \u00a0<a href=\"https:\/\/antoinem.com\/www\/2022\/03\/03\/disque-dur-ide-35-60-go\/\">Disque dur IDE 3&Prime;5 60 Go<\/a><\/p>\n<p class=\"paragraph_style_1\" style=\"padding-left: 30px;\"><span class=\"btnColor smallPart\" style=\"background-color:green\"><a target=\"_blank\" rel=\"nofollow\" href=\"https:\/\/antoinem.com\/www\/category\/don-materiel-dispo\/\">Dispo<i class=\"fa fa-angle-double-right spaceLeft\"><\/i><\/a><\/span> <a href=\"https:\/\/antoinem.com\/www\/2022\/03\/03\/disque-dur-ide-25-4-go\/\">Disque dur IDE 2&Prime;5 4 Go<\/a><\/p>\n<p class=\"paragraph_style_1\" style=\"padding-left: 30px;\"><span class=\"btnColor smallPart\" style=\"background-color:red\"><a target=\"_blank\" rel=\"nofollow\" href=\"https:\/\/antoinem.com\/www\/category\/don-materiel-dispo\/\">Donn\u00e9<i class=\"fa fa-angle-double-right spaceLeft\"><\/i><\/a><\/span> \u00a0<a href=\"https:\/\/antoinem.com\/www\/2015\/10\/07\/lecteur-de-disquettes\/\">Lecteur de disquettes<\/a><\/p>\n<p class=\"paragraph_style_1\" style=\"padding-left: 30px;\"><span class=\"btnColor smallPart\" style=\"background-color:red\"><a target=\"_blank\" rel=\"nofollow\" href=\"https:\/\/antoinem.com\/www\/category\/don-materiel-dispo\/\">Donn\u00e9<i class=\"fa fa-angle-double-right spaceLeft\"><\/i><\/a><\/span> \u00a0<a href=\"https:\/\/antoinem.com\/www\/2015\/10\/07\/lecteur-cd\/\">Lecteur de CD SCSI<\/a><\/p>\n<p class=\"paragraph_style\" style=\"padding-left: 30px; color: #0000cd;\"><strong>RAM (Voir les photos des \u00e9tiquettes p<span class=\"style_4\">o<\/span><span class=\"style_4\">ur plus de pr\u00e9cisions)<\/span><\/strong><\/p>\n<p class=\"paragraph_style_1\" style=\"padding-left: 30px;\"><span class=\"btnColor smallPart\" style=\"background-color:green\"><a target=\"_blank\" rel=\"nofollow\" href=\"https:\/\/antoinem.com\/www\/category\/don-materiel-dispo\/\">Dispo<i class=\"fa fa-angle-double-right spaceLeft\"><\/i><\/a><\/span> \u00a0<a href=\"https:\/\/antoinem.com\/www\/2015\/10\/07\/256mo-333mhz-pc2700s\/\">256Mo 333Mhz PC2700S<\/a><\/p>\n<p class=\"paragraph_style_1\" style=\"padding-left: 30px;\"><span class=\"btnColor smallPart\" style=\"background-color:red\"><a target=\"_blank\" rel=\"nofollow\" href=\"https:\/\/antoinem.com\/www\/category\/don-materiel-non-dispo\/\">Donn\u00e9<i class=\"fa fa-angle-double-right spaceLeft\"><\/i><\/a><\/span>\u00a0<a href=\"https:\/\/antoinem.com\/www\/2015\/10\/07\/256mo-pc100\/\">256Mo PC100<\/a><\/p>\n<p class=\"paragraph_style_1\" style=\"padding-left: 30px;\"><span class=\"btnColor smallPart\" style=\"background-color:green\"><a target=\"_blank\" rel=\"nofollow\" href=\"https:\/\/antoinem.com\/www\/category\/don-materiel-dispo\/\">Dispo<i class=\"fa fa-angle-double-right spaceLeft\"><\/i><\/a><\/span> \u00a0<a href=\"https:\/\/antoinem.com\/www\/2015\/10\/07\/64mo-sqp-q298\/\">64Mo SQP Q2\/98 pour PowerMac 9500, 8500, 7500, 7200, 6500, 6400<\/a><\/p>\n<p class=\"paragraph_style_1\" style=\"padding-left: 30px;\"><span class=\"btnColor smallPart\" style=\"background-color:green\"><a target=\"_blank\" rel=\"nofollow\" href=\"https:\/\/antoinem.com\/www\/category\/don-materiel-dispo\/\">Dispo<i class=\"fa fa-angle-double-right spaceLeft\"><\/i><\/a><\/span>\u00a0 <a href=\"https:\/\/antoinem.com\/www\/2015\/10\/07\/ram-inconnu-1\/\">RAM inconnu (voir photos)<\/a><\/p>\n<p class=\"paragraph_style_1\" style=\"padding-left: 30px;\"><span class=\"btnColor smallPart\" style=\"background-color:green\"><a target=\"_blank\" rel=\"nofollow\" href=\"https:\/\/antoinem.com\/www\/category\/don-materiel-dispo\/\">Dispo<i class=\"fa fa-angle-double-right spaceLeft\"><\/i><\/a><\/span>\u00a0 <a href=\"https:\/\/antoinem.com\/www\/2015\/10\/07\/ram-inconnu-2\/\">RAM inconnu (voir photos)<\/a><\/p>\n<p class=\"paragraph_style_1\" style=\"padding-left: 30px;\"><span class=\"btnColor smallPart\" style=\"background-color:red\"><a target=\"_blank\" rel=\"nofollow\" href=\"https:\/\/antoinem.com\/www\/category\/don-materiel-dispo\/\">Donn\u00e9<i class=\"fa fa-angle-double-right spaceLeft\"><\/i><\/a><\/span>\u00a0 <a href=\"https:\/\/antoinem.com\/www\/2022\/03\/03\/ram-pc133-pour-imac-g4\/\">RAM PC133 pour iMac G4<\/a><\/p>\n<p class=\"paragraph_style_1\" style=\"padding-left: 30px;\"><span class=\"btnColor smallPart\" style=\"background-color:green\"><a target=\"_blank\" rel=\"nofollow\" href=\"https:\/\/antoinem.com\/www\/category\/don-materiel-dispo\/\">Dispo<i class=\"fa fa-angle-double-right spaceLeft\"><\/i><\/a><\/span> \u00a0<a href=\"https:\/\/antoinem.com\/www\/2015\/10\/07\/32mo-sqp-q495\/\">32Mo SQP Q4\/95 pour PowerMac 9500, 8500, 7500, 7200<\/a><\/p>\n<p class=\"paragraph_style_1\" style=\"padding-left: 30px;\"><span class=\"btnColor smallPart\" style=\"background-color:red\"><a target=\"_blank\" rel=\"nofollow\" href=\"https:\/\/antoinem.com\/www\/category\/don-materiel-non-dispo\/\">Donn\u00e9<i class=\"fa fa-angle-double-right spaceLeft\"><\/i><\/a><\/span>\u00a0<a href=\"https:\/\/antoinem.com\/www\/2015\/10\/07\/512mo-pc3200u\/\">2 * 512Mo PC3200U<\/a><\/p>\n<p class=\"paragraph_style\" style=\"padding-left: 30px; color: #0000cd;\"><strong>C\u00e2bles et nappes<\/strong><\/p>\n<p class=\"paragraph_style_1\" style=\"padding-left: 30px;\"><span class=\"btnColor smallPart\" style=\"background-color:orange\"><a target=\"_blank\" rel=\"nofollow\" href=\"https:\/\/antoinem.com\/www\/category\/don-materiel-dispo\/\">Dispo<i class=\"fa fa-angle-double-right spaceLeft\"><\/i><\/a><\/span>\u00a0<a href=\"https:\/\/antoinem.com\/www\/2015\/10\/07\/scsi-cables\/\">SCSI &#8211; c\u00e2bles<\/a><\/p>\n<p class=\"paragraph_style_1\" style=\"padding-left: 30px;\"><span class=\"btnColor smallPart\" style=\"background-color:red\"><a target=\"_blank\" rel=\"nofollow\" href=\"https:\/\/antoinem.com\/www\/category\/don-materiel-non-dispo\/\">Donn\u00e9<i class=\"fa fa-angle-double-right spaceLeft\"><\/i><\/a><\/span>\u00a0<a href=\"https:\/\/antoinem.com\/www\/2015\/10\/07\/scsi-nappes\/\">SCSI &#8211; nappes<\/a><\/p>\n<p class=\"paragraph_style_1\" style=\"padding-left: 30px;\"><span class=\"btnColor smallPart\" style=\"background-color:red\"><a target=\"_blank\" rel=\"nofollow\" href=\"https:\/\/antoinem.com\/www\/category\/don-materiel-dispo\/\">Donn\u00e9<i class=\"fa fa-angle-double-right spaceLeft\"><\/i><\/a><\/span> \u00a0<a href=\"https:\/\/antoinem.com\/www\/2015\/10\/07\/lecteur-disquette-nappe\/\">Lecteur de disquettes &#8211; nappe<\/a><\/p>\n<p class=\"paragraph_style_1\" style=\"padding-left: 30px;\"><span class=\"btnColor smallPart\" style=\"background-color:green\"><a target=\"_blank\" rel=\"nofollow\" href=\"https:\/\/antoinem.com\/www\/category\/don-materiel-dispo\/\">Dispo<i class=\"fa fa-angle-double-right spaceLeft\"><\/i><\/a><\/span> \u00a0<a href=\"https:\/\/antoinem.com\/www\/2015\/10\/07\/cables-dalimentation\/\">C\u00e2bles d\u2019alimentation<\/a><\/p>\n<p class=\"paragraph_style_1\" style=\"padding-left: 30px;\"><span class=\"btnColor smallPart\" style=\"background-color:red\"><a target=\"_blank\" rel=\"nofollow\" href=\"https:\/\/antoinem.com\/www\/category\/don-materiel-non-dispo\/\">Donn\u00e9<i class=\"fa fa-angle-double-right spaceLeft\"><\/i><\/a><\/span>\u00a0<a href=\"https:\/\/antoinem.com\/www\/2015\/10\/07\/chargeur-pb-g3\/\">Chargeur de PowerBook G3 WallStreet + C\u00e2ble Chargeur<\/a><\/p>\n<p class=\"paragraph_style_1\" style=\"padding-left: 30px;\"><span class=\"btnColor smallPart\" style=\"background-color:green\"><a target=\"_blank\" rel=\"nofollow\" href=\"https:\/\/antoinem.com\/www\/category\/don-materiel-dispo\/\">Dispo<i class=\"fa fa-angle-double-right spaceLeft\"><\/i><\/a><\/span> \u00a0<a href=\"https:\/\/antoinem.com\/www\/2021\/01\/09\/chargeur-ibook-g4\/\">Chargeur d&rsquo;iBook G4 + C\u00e2ble Chargeur<\/a><\/p>\n<p class=\"paragraph_style\" style=\"padding-left: 30px; color: #0000cd;\"><strong>Curiosit\u00e9s et autres merveilles inclassables<\/strong><\/p>\n<p class=\"paragraph_style_1\" style=\"padding-left: 30px;\"><span class=\"btnColor smallPart\" style=\"background-color:red\"><a target=\"_blank\" rel=\"nofollow\" href=\"https:\/\/antoinem.com\/www\/category\/don-materiel-non-dispo\/\">Donn\u00e9<i class=\"fa fa-angle-double-right spaceLeft\"><\/i><\/a><\/span>\u00a0<a href=\"https:\/\/antoinem.com\/www\/2015\/10\/07\/adaptateur-vga-apple-display\/\">Adaptateur VGA &lt;-&gt; Apple<\/a><\/p>\n<p class=\"paragraph_style_1\" style=\"padding-left: 30px;\"><span class=\"btnColor smallPart\" style=\"background-color:red\"><a target=\"_blank\" rel=\"nofollow\" href=\"https:\/\/antoinem.com\/www\/category\/don-materiel-non-dispo\/\">Donn\u00e9<i class=\"fa fa-angle-double-right spaceLeft\"><\/i><\/a><\/span>\u00a0<a href=\"https:\/\/antoinem.com\/www\/2015\/10\/07\/kit-complet-ti-83\/\">Kit complet Texas Instrument pour programmer calculatrice TI-83 et sup\u00e9rieur<\/a><\/p>\n<p class=\"paragraph_style_1\" style=\"padding-left: 30px;\"><span class=\"btnColor smallPart\" style=\"background-color:green\"><a target=\"_blank\" rel=\"nofollow\" href=\"https:\/\/antoinem.com\/www\/category\/don-materiel-dispo\/\">Dispo<i class=\"fa fa-angle-double-right spaceLeft\"><\/i><\/a><\/span> \u00a0<a href=\"https:\/\/antoinem.com\/www\/2015\/10\/07\/cache-emplacement-pci\/\">Cache emplacement PCI<\/a><\/p>\n<p class=\"paragraph_style_1\" style=\"padding-left: 30px;\"><span class=\"btnColor smallPart\" style=\"background-color:green\"><a target=\"_blank\" rel=\"nofollow\" href=\"https:\/\/antoinem.com\/www\/category\/don-materiel-dispo\/\">Dispo<i class=\"fa fa-angle-double-right spaceLeft\"><\/i><\/a><\/span> \u00a0<a href=\"https:\/\/antoinem.com\/www\/2015\/10\/07\/bouchon-scsi\/\">Bouchon SCSI<\/a><\/p>\n<p class=\"paragraph_style_1\" style=\"padding-left: 30px;\"><span class=\"btnColor smallPart\" style=\"background-color:green\"><a target=\"_blank\" rel=\"nofollow\" href=\"https:\/\/antoinem.com\/www\/category\/don-materiel-dispo\/\">Dispo<i class=\"fa fa-angle-double-right spaceLeft\"><\/i><\/a><\/span> \u00a0<a href=\"https:\/\/antoinem.com\/www\/2015\/10\/07\/rangement-souris-ecran\/\">Rangement de souris pour \u00e9cran<\/a><\/p>\n<p class=\"paragraph_style_1\" style=\"padding-left: 30px;\"><span class=\"btnColor smallPart\" style=\"background-color:green\"><a target=\"_blank\" rel=\"nofollow\" href=\"https:\/\/antoinem.com\/www\/category\/don-materiel-dispo\/\">Dispo<i class=\"fa fa-angle-double-right spaceLeft\"><\/i><\/a><\/span> \u00a0<a href=\"https:\/\/antoinem.com\/www\/2021\/01\/09\/vis-ibook-g4\/\">Vis pour iBook G4<\/a><\/p>\n<p class=\"paragraph_style\" style=\"padding-left: 30px; color: #0000cd;\"><strong>Ordinateur<\/strong><\/p>\n<p class=\"paragraph_style_1\" style=\"padding-left: 30px;\"><span class=\"btnColor smallPart\" style=\"background-color:red\"><a target=\"_blank\" rel=\"nofollow\" href=\"https:\/\/antoinem.com\/www\/category\/don-materiel-non-dispo\/\">Donn\u00e9<i class=\"fa fa-angle-double-right spaceLeft\"><\/i><\/a><\/span> <a href=\"https:\/\/antoinem.com\/www\/2015\/10\/07\/powermac-g3\/\">PowerMac G3<\/a><\/p>\n<p class=\"paragraph_style_1\" style=\"padding-left: 30px;\"><span class=\"btnColor smallPart\" style=\"background-color:red\"><a target=\"_blank\" rel=\"nofollow\" href=\"https:\/\/antoinem.com\/www\/category\/don-materiel-non-dispo\/\">Donn\u00e9<i class=\"fa fa-angle-double-right spaceLeft\"><\/i><\/a><\/span> <a href=\"https:\/\/antoinem.com\/www\/2018\/04\/23\/ibook-g4\/\">iBook G4<\/a><\/p>\n<\/div>\n<\/div>\n<\/div>\n","protected":false},"excerpt":{"rendered":"<p>Gratuit ? \u00a0\u00a0\u00a0 En faisant un peu de m\u00e9nage au fond de la cave, j\u2019y ai trouv\u00e9 quelques merveilles qui fonctionnent toujours (j\u2019ai test\u00e9 la majeure partie mais pas l\u2019ensemble). \u00a0\u00a0\u00a0 Si vous esp\u00e9rez jouer au dernier jeu vid\u00e9o en date, passez votre chemin, ces merveilles sont destin\u00e9es aux petits collectionneurs ou aux grands nostalgiques.&hellip;<\/p>\n","protected":false},"author":1,"featured_media":81,"parent":55,"menu_order":0,"comment_status":"closed","ping_status":"closed","template":"","meta":{"footnotes":""},"_links":{"self":[{"href":"https:\/\/antoinem.com\/www\/wp-json\/wp\/v2\/pages\/251"}],"collection":[{"href":"https:\/\/antoinem.com\/www\/wp-json\/wp\/v2\/pages"}],"about":[{"href":"https:\/\/antoinem.com\/www\/wp-json\/wp\/v2\/types\/page"}],"author":[{"embeddable":true,"href":"https:\/\/antoinem.com\/www\/wp-json\/wp\/v2\/users\/1"}],"replies":[{"embeddable":true,"href":"https:\/\/antoinem.com\/www\/wp-json\/wp\/v2\/comments?post=251"}],"version-history":[{"count":33,"href":"https:\/\/antoinem.com\/www\/wp-json\/wp\/v2\/pages\/251\/revisions"}],"predecessor-version":[{"id":891,"href":"https:\/\/antoinem.com\/www\/wp-json\/wp\/v2\/pages\/251\/revisions\/891"}],"up":[{"embeddable":true,"href":"https:\/\/antoinem.com\/www\/wp-json\/wp\/v2\/pages\/55"}],"wp:featuredmedia":[{"embeddable":true,"href":"https:\/\/antoinem.com\/www\/wp-json\/wp\/v2\/media\/81"}],"wp:attachment":[{"href":"https:\/\/antoinem.com\/www\/wp-json\/wp\/v2\/media?parent=251"}],"curies":[{"name":"wp","href":"https:\/\/api.w.org\/{rel}","templated":true}]}}