{"id":2,"date":"2015-10-01T22:21:30","date_gmt":"2015-10-01T21:21:30","guid":{"rendered":"http:\/\/antoinem.com\/wordpress\/?page_id=2"},"modified":"2022-01-16T01:35:59","modified_gmt":"2022-01-16T00:35:59","slug":"series-quizz","status":"publish","type":"page","link":"https:\/\/antoinem.com\/www\/monde-apple\/series-quizz\/","title":{"rendered":"Series Quizz (iOS)"},"content":{"rendered":"<p style=\"text-align: left;\">Les nombres peuvent \u00eatre amusants. Connaissez-vous la suite de Conway ou bien celle de Thue-Morse ? Dans ce petit jeu tout simple, vous devrez trouver le prochain nombre d\u2019une suite donn\u00e9e.<\/p>\n<p class=\"paragraph_style\" style=\"text-align: left;\">Pour toutes questions ou remarques, \u00e9crivez moi \u00e0 l\u2019adresse situ\u00e9e sur la page d\u2019accueil.<\/p>\n<p class=\"paragraph_style_1\" style=\"text-align: left;\"><em>Numbers can be fun. Do you know the look-and-say sequence or the serie of Thue-Morse ?&nbsp;<\/em><em>In this very simple game, you have to find the next number in a particular serie.<\/em><\/p>\n<p class=\"paragraph_style_1\" style=\"text-align: left;\"><em>If you have any question, send me an email with the link on the main page.<\/em><\/p>\n<p class=\"paragraph_style_1\" style=\"text-align: left;\"><a href=\"https:\/\/antoinem.com\/www\/wp-content\/uploads\/2015\/10\/Series_quizz.zip\">T\u00e9l\u00e9charger les sources (Download source code)<\/a><\/p>\n<p class=\"paragraph_style_1\" style=\"text-align: left;\"><strong><span style=\"text-decoration: underline;\">Screenshot :<br \/>\n<\/span><\/strong><\/p>\n<p class=\"paragraph_style_1\" style=\"text-align: left;\"><code><div class=\"galleryEmbed\"><div class=\"singleGalleryEmbed\"><a target=\"_self\" href=\"https:\/\/antoinem.com\/www\/wp-content\/uploads\/2015\/10\/Series_quizz_1.jpg\" title=\"Screenshot 1\"><img decoding=\"async\" alt=\"Screenshot 1\" src=\"https:\/\/antoinem.com\/www\/wp-content\/uploads\/2015\/10\/Series_quizz_1.jpg\" \/><\/a><div class=\"embedGalleryCaption\"><h2>Screenshot 1<\/h2><\/div><\/div><div class=\"singleGalleryEmbed\"><a target=\"_self\" href=\"https:\/\/antoinem.com\/www\/wp-content\/uploads\/2015\/10\/Series_quizz_2.jpg\" title=\"Screenshot 2\"><img decoding=\"async\" alt=\"Screenshot 2\" src=\"https:\/\/antoinem.com\/www\/wp-content\/uploads\/2015\/10\/Series_quizz_2.jpg\" \/><\/a><div class=\"embedGalleryCaption\"><h2>Screenshot 2<\/h2><\/div><\/div><div class=\"singleGalleryEmbed\"><a target=\"_self\" href=\"https:\/\/antoinem.com\/www\/wp-content\/uploads\/2015\/10\/Series_quizz_3.jpg\" title=\"Screenshot 3\"><img decoding=\"async\" alt=\"Screenshot 3\" src=\"https:\/\/antoinem.com\/www\/wp-content\/uploads\/2015\/10\/Series_quizz_3.jpg\" \/><\/a><div class=\"embedGalleryCaption\"><h2>Screenshot 3<\/h2><\/div><\/div><\/div><\/code><\/p>\n<p class=\"paragraph_style_1\" style=\"text-align: left;\"><strong><span style=\"text-decoration: underline;\">Comment jouer (How to play) ?<\/span><\/strong><\/p>\n<p class=\"paragraph_style_1\" style=\"text-align: left;\"><code><div class=\"galleryEmbed\"><div class=\"singleGalleryEmbed\"><a target=\"_self\" href=\"https:\/\/antoinem.com\/www\/wp-content\/uploads\/2015\/10\/Series_quizz_HELP_1.png\" title=\"How to 1\"><img decoding=\"async\" alt=\"How to 1\" src=\"https:\/\/antoinem.com\/www\/wp-content\/uploads\/2015\/10\/Series_quizz_HELP_1.png\" \/><\/a><div class=\"embedGalleryCaption\"><h2>How to 1<\/h2><\/div><\/div><div class=\"singleGalleryEmbed\"><a target=\"_self\" href=\"https:\/\/antoinem.com\/www\/wp-content\/uploads\/2015\/10\/Series_quizz_HELP_2.png\" title=\"How to 2\"><img decoding=\"async\" alt=\"How to 2\" src=\"https:\/\/antoinem.com\/www\/wp-content\/uploads\/2015\/10\/Series_quizz_HELP_2.png\" \/><\/a><div class=\"embedGalleryCaption\"><h2>How to 2<\/h2><\/div><\/div><div class=\"singleGalleryEmbed\"><a target=\"_self\" href=\"https:\/\/antoinem.com\/www\/wp-content\/uploads\/2015\/10\/Series_quizz_HELP_3.png\" title=\"How to 3\"><img decoding=\"async\" alt=\"How to 3\" src=\"https:\/\/antoinem.com\/www\/wp-content\/uploads\/2015\/10\/Series_quizz_HELP_3.png\" \/><\/a><div class=\"embedGalleryCaption\"><h2>How to 3<\/h2><\/div><\/div><div class=\"singleGalleryEmbed\"><a target=\"_self\" href=\"https:\/\/antoinem.com\/www\/wp-content\/uploads\/2015\/10\/Series_quizz_HELP_4.png\" title=\"How to 4\"><img decoding=\"async\" alt=\"How to 4\" src=\"https:\/\/antoinem.com\/www\/wp-content\/uploads\/2015\/10\/Series_quizz_HELP_4.png\" \/><\/a><div class=\"embedGalleryCaption\"><h2>How to 4<\/h2><\/div><\/div><\/div><\/code><\/p>\n","protected":false},"excerpt":{"rendered":"<p>Les nombres peuvent \u00eatre amusants. Connaissez-vous la suite de Conway ou bien celle de Thue-Morse ? Dans ce petit jeu tout simple, vous devrez trouver le prochain nombre d\u2019une suite donn\u00e9e. Pour toutes questions ou remarques, \u00e9crivez moi \u00e0 l\u2019adresse situ\u00e9e sur la page d\u2019accueil. Numbers can be fun. Do you know the look-and-say sequence&hellip;<\/p>\n","protected":false},"author":1,"featured_media":81,"parent":55,"menu_order":0,"comment_status":"closed","ping_status":"open","template":"","meta":{"footnotes":""},"_links":{"self":[{"href":"https:\/\/antoinem.com\/www\/wp-json\/wp\/v2\/pages\/2"}],"collection":[{"href":"https:\/\/antoinem.com\/www\/wp-json\/wp\/v2\/pages"}],"about":[{"href":"https:\/\/antoinem.com\/www\/wp-json\/wp\/v2\/types\/page"}],"author":[{"embeddable":true,"href":"https:\/\/antoinem.com\/www\/wp-json\/wp\/v2\/users\/1"}],"replies":[{"embeddable":true,"href":"https:\/\/antoinem.com\/www\/wp-json\/wp\/v2\/comments?post=2"}],"version-history":[{"count":15,"href":"https:\/\/antoinem.com\/www\/wp-json\/wp\/v2\/pages\/2\/revisions"}],"predecessor-version":[{"id":856,"href":"https:\/\/antoinem.com\/www\/wp-json\/wp\/v2\/pages\/2\/revisions\/856"}],"up":[{"embeddable":true,"href":"https:\/\/antoinem.com\/www\/wp-json\/wp\/v2\/pages\/55"}],"wp:featuredmedia":[{"embeddable":true,"href":"https:\/\/antoinem.com\/www\/wp-json\/wp\/v2\/media\/81"}],"wp:attachment":[{"href":"https:\/\/antoinem.com\/www\/wp-json\/wp\/v2\/media?parent=2"}],"curies":[{"name":"wp","href":"https:\/\/api.w.org\/{rel}","templated":true}]}}